{"id":9,"date":"2026-02-17T19:50:20","date_gmt":"2026-02-17T19:50:20","guid":{"rendered":"https:\/\/clairlite-uv.fr\/?page_id=9"},"modified":"2026-03-13T14:45:18","modified_gmt":"2026-03-13T14:45:18","slug":"oikeudelliset-tiedot","status":"publish","type":"page","link":"https:\/\/wella-naturals.fr\/fi\/oikeudelliset-tiedot\/","title":{"rendered":"Oikeudelliset tiedot"},"content":{"rendered":"<div data-elementor-type=\"wp-page\" data-elementor-id=\"9\" class=\"elementor elementor-9\" data-elementor-post-type=\"page\">\n\t\t\t\t<div class=\"elementor-element elementor-element-2bcc7370 e-flex e-con-boxed e-con e-parent\" data-id=\"2bcc7370\" data-element_type=\"container\" data-e-type=\"container\">\n\t\t\t\t\t<div class=\"e-con-inner\">\n\t\t\t\t<div class=\"elementor-element elementor-element-a25db7a elementor-widget elementor-widget-heading\" data-id=\"a25db7a\" data-element_type=\"widget\" data-e-type=\"widget\" data-widget_type=\"heading.default\">\n\t\t\t\t\t<h1 class=\"elementor-heading-title elementor-size-default\">Oikeudelliset tiedot<\/h1>\t\t\t\t<\/div>\n\t\t\t\t<div class=\"elementor-element elementor-element-2c2f9f7 elementor-widget elementor-widget-text-editor\" data-id=\"2c2f9f7\" data-element_type=\"widget\" data-e-type=\"widget\" data-widget_type=\"text-editor.default\">\n\t\t\t\t\t\t\t\t\t\n<p><strong>Tunnistaminen<\/strong><br \/>Nom du site web : Wella-Naturals<br \/>Sivuston URL-osoite: https:\/\/wella-naturals.fr\/<br \/>Propri\u00e9taire et responsable de la publication : Wella-Naturals<br \/>Majoitus: Hostinger, \u0160vitrigailos g. 32, 03111 Vilnius, Liettua<\/p>\n\n<p><strong>K\u00e4ytt\u00f6ehdot ja -ehdot<\/strong><br \/>La consultation de Wella-Naturals.fr est soumise au respect des conditions d\u2019utilisation d\u00e9crites dans la page des Conditions G\u00e9n\u00e9rales d\u2019Utilisation (CGU), avec lesquelles ces mentions l\u00e9gales sont coh\u00e9rentes et ne pr\u00e9sentent pas de redondance.<\/p>\n\n<p><strong>Affiliate-linkit<\/strong><\/p>\n\n<p>T\u00e4m\u00e4 sivusto voi sis\u00e4lt\u00e4\u00e4 affiliate-linkkej\u00e4 kaupallisiin kumppaneihin. T\u00e4m\u00e4 tarkoittaa, ett\u00e4 saatamme saada palkkion, jos teet ostoksen n\u00e4iden linkkien kautta, ilman lis\u00e4kustannuksia sinulle.<\/p>\n\n<p><strong>Immateriaalioikeudet<\/strong><br \/>Tout contenu publi\u00e9 sur Wella-Naturals.fr, incluant textes, images, graphiques, et logo, est prot\u00e9g\u00e9 par le droit d\u2019auteur. Toute utilisation non autoris\u00e9e peut entra\u00eener des poursuites judiciaires.<\/p>\n\n<p><strong>Vastuun rajoittaminen<\/strong><br \/>Wella-Naturals s\u2019efforce de maintenir les informations du site \u00e0 jour, toutefois, des inexactitudes ou omissions peuvent exister.<\/p>\n\n<h4 class=\"wp-block-heading\"><strong>Tietosuojak\u00e4yt\u00e4nt\u00f6<\/strong><\/h4>\n\n<p><strong>Henkil\u00f6tietojen ker\u00e4\u00e4minen ja k\u00e4ytt\u00f6<\/strong><br \/>Les donn\u00e9es personnelles collect\u00e9es sur Wella-Naturals.fr sont exclusivement destin\u00e9es \u00e0 l\u2019usage interne de BubaSocks. Conform\u00e9ment \u00e0 la politique de non-revente d\u2019informations, ces donn\u00e9es ne sont pas c\u00e9d\u00e9es \u00e0 des tiers.<\/p>\n\n<p><strong>K\u00e4ytt\u00e4j\u00e4n oikeudet<\/strong><br \/>Conform\u00e9ment \u00e0 la r\u00e9glementation, vous disposez de droits d\u2019acc\u00e8s, de rectification, et de suppression des donn\u00e9es vous concernant. Ces droits peuvent \u00eatre exerc\u00e9s en contactant Wella-Naturals \u00e0 l\u2019adresse email mentionn\u00e9e ci-dessus.<\/p>\n\n<p><strong>Ev\u00e4steet<\/strong><br \/>La politique relative aux cookies est d\u00e9taill\u00e9e dans les Conditions G\u00e9n\u00e9rales d\u2019Utilisation (CGU) de Wella-Naturals.fr. Nous utilisons des cookies pour am\u00e9liorer votre exp\u00e9rience utilisateur sans revendre d\u2019informations.<\/p>\n\n<p><strong>Hyperlinkit ja sovellettava lains\u00e4\u00e4d\u00e4nt\u00f6<\/strong><br \/>Les liens hypertextes vers d\u2019autres sites n\u2019engagent pas la responsabilit\u00e9 de Wella-Naturals quant au contenu de ces sites<\/p>\n\n<p><strong>Ota yhteytt\u00e4<\/strong><br \/>Pour toutes questions relatives \u00e0 ces mentions ou la politique de confidentialit\u00e9, ou pour exercer vos droits relatifs \u00e0 vos donn\u00e9es personnelles, veuillez contacter Wella-Naturals via contact@Wella-Naturals.fr<\/p>\n\n<p>\u00a0<\/p>\n\t\t\t\t\t\t\t\t<\/div>\n\t\t\t\t\t<\/div>\n\t\t\t\t<\/div>\n\t\t\t\t<\/div>","protected":false},"excerpt":{"rendered":"<p>Mentions L\u00e9gales IdentificationNom du site web : Wella-NaturalsURL du site : https:\/\/wella-naturals.fr\/Propri\u00e9taire et responsable de la publication : Wella-NaturalsH\u00e9bergement : Hostinger, \u0160vitrigailos g. 32, 03111 Vilnius, Lituanie Conditions d\u2019utilisationLa consultation de Wella-Naturals.fr est soumise au respect des conditions d\u2019utilisation d\u00e9crites dans la page des Conditions G\u00e9n\u00e9rales d\u2019Utilisation (CGU), avec lesquelles ces mentions l\u00e9gales sont coh\u00e9rentes [&hellip;]<\/p>\n","protected":false},"author":1,"featured_media":0,"parent":0,"menu_order":0,"comment_status":"closed","ping_status":"closed","template":"","meta":{"footnotes":""},"class_list":["post-9","page","type-page","status-publish","hentry"],"_hostinger_reach_plugin_has_subscription_block":false,"_hostinger_reach_plugin_is_elementor":false,"_links":{"self":[{"href":"https:\/\/wella-naturals.fr\/fi\/wp-json\/wp\/v2\/pages\/9","targetHints":{"allow":["GET"]}}],"collection":[{"href":"https:\/\/wella-naturals.fr\/fi\/wp-json\/wp\/v2\/pages"}],"about":[{"href":"https:\/\/wella-naturals.fr\/fi\/wp-json\/wp\/v2\/types\/page"}],"author":[{"embeddable":true,"href":"https:\/\/wella-naturals.fr\/fi\/wp-json\/wp\/v2\/users\/1"}],"replies":[{"embeddable":true,"href":"https:\/\/wella-naturals.fr\/fi\/wp-json\/wp\/v2\/comments?post=9"}],"version-history":[{"count":11,"href":"https:\/\/wella-naturals.fr\/fi\/wp-json\/wp\/v2\/pages\/9\/revisions"}],"predecessor-version":[{"id":391,"href":"https:\/\/wella-naturals.fr\/fi\/wp-json\/wp\/v2\/pages\/9\/revisions\/391"}],"wp:attachment":[{"href":"https:\/\/wella-naturals.fr\/fi\/wp-json\/wp\/v2\/media?parent=9"}],"curies":[{"name":"wp","href":"https:\/\/api.w.org\/{rel}","templated":true}]}}